{"id":3281,"date":"2025-06-13T15:56:16","date_gmt":"2025-06-13T14:56:16","guid":{"rendered":"https:\/\/gruppouno.it\/g1\/prodotto\/isl6251a-isl6251-24-pin-qsop-italia-battery-charger-control-notebook\/"},"modified":"2025-11-25T16:59:37","modified_gmt":"2025-11-25T14:59:37","slug":"isl6251a-isl6251-24-pin-qsop-italia-battery-charger-control-notebook","status":"publish","type":"product","link":"https:\/\/www.gruppouno.it\/g1\/prodotto\/isl6251a-isl6251-24-pin-qsop-italia-battery-charger-control-notebook\/","title":{"rendered":"ISL6251A  ISL6251 24-Pin QSOP Italia Battery Charger Control notebook"},"content":{"rendered":"<p><font size='4' style='font-family:Arial'><font style=\"font-family:Arial\" size=\"4\"><font style=\"font-family:Arial\" size=\"4\"><font color=\"#FF0010\" size=\"3\"><b>ISL6251A&nbsp; ISL6251 24-Pin QSOP<\/b><br \/>Prodotto nuovo<br \/>Dispnibilit\u00e0 immediata.<br \/>Possibile il ritiro di persona<\/font><br \/>(Attenzione questo IC \u00e8 formato QSOP, 2 file di piedini e forma rettangolare)<\/p>\n<table id=\"table1\" style=\"width: 100%\" cellspacing=\"0\" cellpadding=\"4\" border=\"1\">\n<tbody>\n<tr>\n<td style=\"border: 1px solid #CCCCCC\" width=\"1%\"><strong><br \/>\n                    Codice<\/strong><\/td>\n<td style=\"border: 1px solid #CCCCCC\">ISL6251 ISL6251A QSOP<br \/>\n                    (secondo disponibilit\u00e0)<\/td>\n<\/tr>\n<tr>\n<td style=\"border: 1px solid #CCCCCC\" width=\"1%\"><strong><br \/>\n                    Quantit\u00e0<\/strong><\/td>\n<td style=\"border: 1px solid #CCCCCC\">1 pezzo<\/td>\n<\/tr>\n<tr>\n<td style=\"border: 1px solid #CCCCCC\" width=\"1%\"><strong><br \/>\n                    Condizioni<\/strong><\/td>\n<td style=\"border: 1px solid #CCCCCC\">Nuovo<\/td>\n<\/tr>\n<tr>\n<td style=\"border: 1px solid #CCCCCC\" width=\"1%\"><strong><br \/>\n                    Produttore <\/strong><\/td>\n<td style=\"border: 1px solid #CCCCCC\">Intersil<\/td>\n<\/tr>\n<tr>\n<td style=\"border: 1px solid #CCCCCC\" width=\"1%\"><strong><br \/>\n                    Contenitore<\/strong><\/td>\n<td style=\"border: 1px solid #CCCCCC\">QSOP 24pin (RGE)<\/td>\n<\/tr>\n<tr>\n<td style=\"border: 1px solid #CCCCCC\" width=\"1%\"><strong><br \/>\n                    Specifiche<\/strong><\/td>\n<td style=\"border: 1px solid #CCCCCC\">Low Cost<br \/>\n                    Multi-Chemistry Battery Charger Controller Utilizzato in molti modelli di notebook<\/td>\n<\/tr>\n<tr>\n<td style=\"border: 1px solid #CCCCCC\" width=\"1%\"><strong>PDF<\/strong><\/td>\n<td style=\"border: 1px solid #CCCCCC\">\n                    <a target=\"_blank\" href=\"http:\/\/www.gruppouno.it\/pdf-componenti\/ISL6251.pdf\"><br \/>\n                    ISL6251.pd<\/a><\/td>\n<\/tr>\n<tr>\n<td style=\"border: 1px solid #CCCCCC\" width=\"1%\"><strong><br \/>\n                    Note<\/strong><\/td>\n<td style=\"border: 1px solid #CCCCCC\">&#8212;<\/td>\n<\/tr>\n<\/tbody>\n<\/table>\n<p><\/font><\/font><\/font><BR \/><font size='4' style='font-family:Arial'>GruppoUno &#8211; Settimo Torinese &#8211; 011.5793174<br \/><\/font><\/p>\n<h2 style=\"font-family: Helvetica;text-align: center\">Emissione Fattura&nbsp;<\/h2>\n<p style=\"font-family: Helvetica\">Confermiamo la&nbsp;possibilit\u00e0 di emissione Fattura italiana.<\/p>\n<p style=\"font-family: Helvetica\">La Fattura Fiscale&nbsp;<span><strong>DEVE<\/strong><\/span>&nbsp;essere richiesta&nbsp;<strong>tassativamente<\/strong>&nbsp;all&#8217;acquisto del prodotto, non \u00e8 possibile richiedere fattura dopo che la merce \u00e8 stata spedita.<\/p>\n<p style=\"font-family: Helvetica\"><span>Indicare nel messaggio&nbsp;<strong>eBay<\/strong>&nbsp;la Denominazione, la&nbsp;Partita IVA e\/o Codice Fiscale ed il CODICE DESTINATARIO SDI oppure la PEC aziendale.<\/span><\/p>\n<p style=\"font-family: Helvetica;text-align: center\">Tutte le vendite online sono riconducibili alle vendite per corrispondenza e quindi senza obbligo di fatturazione come previsto dall&#8217; articolo 22 del D.P.R. n. 633 del 1972, e senza obbligo di emissione di scontrino fiscale come previsto dall&#8217; articolo 2 del DPR 21 dicembre 1996, n. 696 ma di sola annotazione nel registro dei corrispettivi.&nbsp;<\/p>\n","protected":false},"excerpt":{"rendered":"<p>ISL6251A&nbsp; ISL6251 24-Pin QSOPProdotto nuovoDispnibilit\u00e0 immediata.Possibile il ritiro di persona(Attenzione questo IC \u00e8 formato QSOP, 2 file di piedini e forma rettangolare) Codice ISL6251 ISL6251A QSOP (secondo disponibilit\u00e0) Quantit\u00e0 1<\/p>\n","protected":false},"featured_media":3280,"template":"","meta":{"_acf_changed":false,"_joinchat":[]},"product_brand":[],"product_cat":[55],"product_tag":[],"class_list":{"0":"post-3281","1":"product","2":"type-product","3":"status-publish","4":"has-post-thumbnail","6":"product_cat-componenti-ic-mosfet-varie","8":"first","9":"instock","10":"taxable","11":"shipping-taxable","12":"purchasable","13":"product-type-simple"},"acf":[],"_links":{"self":[{"href":"https:\/\/www.gruppouno.it\/g1\/wp-json\/wp\/v2\/product\/3281","targetHints":{"allow":["GET"]}}],"collection":[{"href":"https:\/\/www.gruppouno.it\/g1\/wp-json\/wp\/v2\/product"}],"about":[{"href":"https:\/\/www.gruppouno.it\/g1\/wp-json\/wp\/v2\/types\/product"}],"wp:featuredmedia":[{"embeddable":true,"href":"https:\/\/www.gruppouno.it\/g1\/wp-json\/wp\/v2\/media\/3280"}],"wp:attachment":[{"href":"https:\/\/www.gruppouno.it\/g1\/wp-json\/wp\/v2\/media?parent=3281"}],"wp:term":[{"taxonomy":"product_brand","embeddable":true,"href":"https:\/\/www.gruppouno.it\/g1\/wp-json\/wp\/v2\/product_brand?post=3281"},{"taxonomy":"product_cat","embeddable":true,"href":"https:\/\/www.gruppouno.it\/g1\/wp-json\/wp\/v2\/product_cat?post=3281"},{"taxonomy":"product_tag","embeddable":true,"href":"https:\/\/www.gruppouno.it\/g1\/wp-json\/wp\/v2\/product_tag?post=3281"}],"curies":[{"name":"wp","href":"https:\/\/api.w.org\/{rel}","templated":true}]}}