{"id":3,"date":"2021-04-30T14:34:25","date_gmt":"2021-04-30T14:34:25","guid":{"rendered":"https:\/\/gruppouno.it\/g1\/?page_id=3"},"modified":"2021-06-25T13:39:45","modified_gmt":"2021-06-25T13:39:45","slug":"privacy-policy","status":"publish","type":"page","link":"https:\/\/www.gruppouno.it\/g1\/privacy-policy\/","title":{"rendered":"Privacy Policy"},"content":{"rendered":"\n<p>Informativa resa ai sensi degli art. 13 e 14 del GDPR (General Data Protection Regulation) 2016\/679.<\/p>\n\n\n\n<p><strong>1. Titolare del trattamento dei dati<\/strong><\/p>\n\n\n\n<p>Il titolare del trattamento \u00e8 Sandro Colangelo, titolare della ditta GruppoUno di Colangelo Sandro P.IVA 10638250018, e-mail info@gruppouno.it, di seguito GruppoUno.<\/p>\n\n\n\n<p><strong>2. Informazioni personali raccolte<\/strong><\/p>\n\n\n\n<p>Per dati personali si intende qualsiasi informazione relativa a una persona fisica o a una ditta, societ\u00e0 o altro tipo di organizzazione fornita dall&#8217;utente attraverso la registrazione al sito web e\/o l&#8217;acquisto dei servizi forniti.<\/p>\n\n\n\n<p>I dati personali sono raccolti attraverso il modulo di registrazione ai siti web gruppouno.it \/ grupposerver.com e il modulo d&#8217;ordine presente nell&#8217;area riservata, l&#8217;utente registrandosi conferisce i dati necessari per la creazione dell&#8217;account e per gli adempimenti fiscali e amministrativi derivanti dall&#8217;acquisto dei servizi.<\/p>\n\n\n\n<p>Al fine di poter identificare il richiedente, fornire i servizi richiesti e garantire la sicurezza degli accessi, possiamo trattare i seguenti dati: nome e cognome, nome della ditta\/societ\u00e0\/organizzazione, codice fiscale, partita iva, indirizzo e-mail, indirizzo, numero di telefono, fax (opzionale), nome del responsabile acquisti (opzionale e solo per ditta\/societ\u00e0\/altre organizzazioni), indirizzo IP da cui avviene la registrazione, l&#8217;accesso all&#8217;area riservata, l&#8217;acquisto e l&#8217;utilizzo dei servizi.<\/p>\n\n\n\n<p>I sistemi informatici e i software utilizzati per permettere il funzionamento del sito web acquisicono informazioni relative al protocollo di comunicazione utilizzato ed in particolare Indirizzo IP o hostname del client, URL della pagina richiesta, metodo HTTP utilizzato, codice di risposta, tempo di elaborazione della pagina, byte trasferiti, informazioni su browser e sistema operativo; questi dati sono utilizzati per elaborare statistiche anonime sull&#8217;utilizzo del sito web, rilevare problemi tecnici, rilevare tentativi di accesso non autorizzati o attacchi informatici.<\/p>\n\n\n\n<p>Servizio E-Mail GruppoUno e log<br>Per questa tipologia di servizio GruppoUno raccoglie e conserva log relativi alla trasmissione di dati su reti di comunicazione, secondo quanto disposto dal decreto legislativo n. 109 del 30 maggio 2008, articolo 3, relativamente alla posta elettronica.<br>Questi dati sono trattati e conservati per fornire il servizio, rilevare tentativi di accesso non autorizzati o attacchi informatici e per finalit\u00e0 di accertamento e repressione dei reati.<\/p>\n\n\n\n<p><strong>3. Natura obbligatoria e conseguenze del rifiuto al conferimento e trattamento dei dati.<\/strong><\/p>\n\n\n\n<p>Tutti i dati per cui si richiede il consenso alla raccolta e trattamento sono quelli strettamente necessari per procedere alla registrazione e all&#8217;acquisto dei servizi e quelli necessari agli adempimenti previsti per l&#8217;erogazione dei servizi stessi, in caso di mancato consenso non sar\u00e0 possibile fornire i servizi richiesti.<\/p>\n\n\n\n<p><strong>4. Soggetti a cui possono essere comunicati i dati personali<\/strong><\/p>\n\n\n\n<p>I dati personali raccolti possono essere comunicati a soggetti che, conformemente alle normative applicabili, hanno diritto a richiederne l&#8217;accesso, e, nel caso del servizio di registrazione e mantenimento domini, alle authority preposte alla supervisione e gestione di tali servizi, comprese quelle che si trovano al di fuori del paese di residenza o della sede legale dell&#8217;utente.<\/p>\n\n\n\n<p>Servizio di registrazione e mantenimento domini:<br>Nel caso in cui l&#8217;utente decida di acquistare il servizio di registrazione e mantenimento domini, GruppoUno agir\u00e0 da intermediario tra l&#8217;utente, il registro competente e l&#8217;eventuale fornitore terzo del servizio oggetto della richiesta, per il mantenimento del dominio ordinato; i dati saranno comunicati al fornitore del servizio richiesto, dove presente, e al registro competente, e di norma pubblicati sul database WHOIS nelle modalit\u00e0 previste dal registro competente, eventuali opzioni a disposizione dell&#8217;utente sono indicate nel modulo d&#8217;ordine del servizio di registrazione e mantenimento domini.<br>Questo trattamento dei dati \u00e8 necessario all&#8217;erogazione del servizio di registrazione e mantenimento domini e basato sull&#8217;articolo 6 paragrafo 1 lettere b e c del GDPR.<\/p>\n\n\n\n<p><strong>5. Ambito geografico dell&#8217;attivit\u00e0 di trattamento<\/strong><\/p>\n\n\n\n<p>I dati sono trattati all&#8217;interno della comunit\u00e0 europea, fatta eccezione per i dati di registrazione di domini di gTLD e ccTLD gestiti da societ\u00e0 ed organizzazioni extra europee, che saranno trattati anche fuori dalla comunit\u00e0 europea.<\/p>\n\n\n\n<p><strong>6. Conservazione<\/strong><\/p>\n\n\n\n<p>I dati personali raccolti e trattati a fini fiscali e amministrativi sono mantenuti per i tempi previsti dalla vigente normativa (10 anni) e non \u00e8 possibile richiederne la cancellazione anticipata.<\/p>\n\n\n\n<p>I dati personali raccolti e trattati per l&#8217;erogazione dei servizi sono mantenuti fino alla richiesta di cancellazione del servizio, o, in caso di mancato rinnovo del servizio, fino al raggiungimento del termine di cancellazione del servizio per mancato rinnovo.<\/p>\n\n\n\n<p>I dati personali inseriti in anagrafica, in fase di registrazione al sito o successivamente nella procedura di gestione delle anagrafiche, se non utilizzati per l&#8217;acquisto di un servizio sono mantenuti fino alla cancellazione degli stessi da parte dell&#8217;utente, effettuabile autonomamente e in qualunque momento dal pannello di controllo.<\/p>\n\n\n\n<p>I dati personali raccolti e trattati ai fini dell&#8217;invio di newsletter, sono mantenuti fino alla cancellazione dell&#8217;iscrizione alla newsletter da parte dell&#8217;utente, effettuabile autonomamente e in qualunque momento dal pannello di controllo.<\/p>\n\n\n\n<p><strong>7. Finalit\u00e0 del trattamento<\/strong><\/p>\n\n\n\n<p>Il trattamento dei dati, effettuato su specifico consenso dell&#8217;utente, \u00e8 effettuato per:<br>&#8211; l&#8217;attivazione e il mantenimento del servizio richiesto;<br>&#8211; l&#8217;assolvimento degli obblighi di legge;<br>&#8211; il rilevamento di condotte fraudolente;<br>&#8211; finalit\u00e0 di accertamento e repressione dei reati;<br>&#8211; la tutela dei diritti di GruppoUno in sede giudiziaria.<\/p>\n\n\n\n<p>Se esplicitamente richiesto dall&#8217;utente attraverso la registrazione alla newsletter, i dati personali possono essere utilizzati per inviare comunicazioni promozionali.<br>In caso di utilizzo di societ\u00e0 terze per l&#8217;elaborazione di queste comunicazioni, non saranno trasferiti dati personali, in particolare l&#8217;elaborazione dei messaggi avverr\u00e0 in forma anonima, predisponendo&nbsp; nel testo dove \u00e8 necessario l&#8217;inserimento di dati personali opportune variabili, la creazione dei messaggi finali da inviare e l&#8217;invio degli stessi ai destinatari saranno effettuati direttamente da GruppoUno.<\/p>\n\n\n\n<p><strong>8. Cookie<\/strong><\/p>\n\n\n\n<p>I cookie sono file di dati memorizzati dal browser del visitatore sul computer, sui siti Web gruppouno.it \/ grupposerver.com sono utilizzati per gli scopi e nelle modalit\u00e0 descritte di seguito.<\/p>\n\n\n\n<p>Area pubblica &#8211; accessibile senza registrazione:<br>Durante la navigazione sul sito pubblico, l&#8217;utente pu\u00f2 accedere a pagine per cui si rende necessario l&#8217;utilizzo di un cookie di sessione per mantenere l&#8217;impostazione della lingua o a cookie specifici l&#8217;eventuali funzionalit\u00e0 di spostamento avanti\/indietro tra contenuti di pagine specifiche o per portare a termine con successo la procedura di registrazione, questo tipo cookie rientra nella categoria dei &#8220;cookie tecnici&#8221;, ed \u00e8 cancellato con la chiusura del browser.<\/p>\n\n\n\n<p>Area riservata &#8211; accessibile solo previa registrazione, con username e password personali:<br>L&#8217;accesso all&#8217;area riservata rende necessario l&#8217;utilizzo un cookie di sessione e di ulteriori cookie per mantenere le informazioni necessarie a:<br>&#8211; riconoscere l&#8217;utente connesso e consentire cos\u00ec di acquistare e gestire i servizi dal sito web;<br>&#8211; memorizzare informazioni sui servizi nel carrello in fase d&#8217;ordine e attivare eventuali promozioni sui servizi scelti;<br>&#8211; permettere all&#8217;utente l&#8217;utilizzo della funzione di accesso automatico.<br>Anche questi cookie rientrano nella categoria dei &#8220;cookie tecnici&#8221;.<br>Il cookie di sessione \u00e8 cancellato con la chiusura del browser, gli eventuali altri cookie generati a seguito dell&#8217;utilizzo delle funzionalit\u00e0 dell&#8217;area riservata da parte dell&#8217;utente sono mantenuti fino ala chiusura del browser, o, qualora l&#8217;utente richieda la funzionalit\u00e0 di accesso automatico, fino al monento dell&#8217;uscita dall&#8217;area riservata tramite l&#8217;apposito pulsante.<\/p>\n\n\n\n<p>I siti web gruppouno.it \/ grupposerver.com non utilizzano cookie di profilazione ma solo quanto sopra indicato; sul sito web non sono presenti inserzioni pubblicitarie o contenuti di terze parti e non sono mai utilizzati cookie di terze parti.<\/p>\n\n\n\n<p>I visitatori sono identitifcati esclusivamente con la registrazione e l&#8217;accesso all&#8217;area riservata.<\/p>\n\n\n\n<p>Cosa accade se si cancellano o si disattivano i cookie?<\/p>\n\n\n\n<p>I browser web permettono di cancellare i cookie e di bloccarne l&#8217;accettazione, bloccando o cancellando i cookie, non sar\u00e0 possibile registrarsi e nemmeno accedere all&#8217;area riservata e, qualora sia prevista una funzionalit\u00e0 di navigazione tra i contenuti delle pagine che richiede l&#8217;utilizzo di un cookie, questa non funzioner\u00e0.<\/p>\n\n\n\n<p><strong>9. Profilazione<br><\/strong><br>I dati personali raccolti non sono utilizzati per la profilazione dell&#8217;utente.<\/p>\n\n\n\n<p><strong>10. Diritti dell&#8217;interessato<\/strong><\/p>\n\n\n\n<p>L&#8217;interessato pu\u00f2 esercitare i seguenti diritti relativi ai dati personali trattati:<br>&#8211; accedere ai propri dati personali;<br>&#8211; chiedere la rettifica o cancellazione dei dati;<br>&#8211; chiedere la limitazione al trattamento ai sensi dell&#8217;articolo 18 del GDPR;<br>&#8211; chiedere una copia dei dati in formato standard;<br>&#8211; ritirare il consenso precedentemente fornito.<\/p>\n\n\n\n<p>Qualora il trattamento dei dati sia un requisito per la fornitura di un servizio, l&#8217;utente potr\u00e0 chiedere la cancellazione del servizio al fine di poter procedere poi alla cancellazione dei dati o all&#8217;opposizione al trattamento.<\/p>\n\n\n\n<p>Ai sensi dell&#8217;art. 77 del GDPR, l&#8217;interessato ha il diritto di proporre reclamo all&#8217;autorit\u00e0 di controllo competente nel caso ritenga che il trattamento dei dati sia contrario alla normativa in vigore.<\/p>\n\n\n\n<p><strong>11. Modifiche alla policy<\/strong><\/p>\n\n\n\n<p>Questa policy, in vigore dal 25 maggio 2018, regola le modalit\u00e0 di trattamento dei dati personali di GruppoUno.<\/p>\n\n\n\n<p>Cambiamenti legislativi o ai servizi forniti possono rendere necessario l&#8217;aggiornamento della policy, gli utenti sono invitati a visitare periodicamente questa pagina per rimanere aggiornati.<\/p>\n\n\n\n<p>Ultimo aggiornamento: 22\/05\/2018<\/p>\n","protected":false},"excerpt":{"rendered":"<p>Informativa resa ai sensi degli art. 13 e 14 del GDPR (General Data Protection Regulation) 2016\/679. 1. Titolare del trattamento dei dati Il titolare del trattamento \u00e8 Sandro Colangelo, titolare<\/p>\n","protected":false},"author":1,"featured_media":0,"parent":0,"menu_order":0,"comment_status":"closed","ping_status":"open","template":"","meta":{"_acf_changed":false,"_joinchat":[],"footnotes":""},"class_list":["post-3","page","type-page","status-publish","hentry"],"acf":[],"_links":{"self":[{"href":"https:\/\/www.gruppouno.it\/g1\/wp-json\/wp\/v2\/pages\/3","targetHints":{"allow":["GET"]}}],"collection":[{"href":"https:\/\/www.gruppouno.it\/g1\/wp-json\/wp\/v2\/pages"}],"about":[{"href":"https:\/\/www.gruppouno.it\/g1\/wp-json\/wp\/v2\/types\/page"}],"author":[{"embeddable":true,"href":"https:\/\/www.gruppouno.it\/g1\/wp-json\/wp\/v2\/users\/1"}],"replies":[{"embeddable":true,"href":"https:\/\/www.gruppouno.it\/g1\/wp-json\/wp\/v2\/comments?post=3"}],"version-history":[{"count":0,"href":"https:\/\/www.gruppouno.it\/g1\/wp-json\/wp\/v2\/pages\/3\/revisions"}],"wp:attachment":[{"href":"https:\/\/www.gruppouno.it\/g1\/wp-json\/wp\/v2\/media?parent=3"}],"curies":[{"name":"wp","href":"https:\/\/api.w.org\/{rel}","templated":true}]}}